{"id":1139,"date":"2016-11-27T02:32:54","date_gmt":"2016-11-27T02:32:54","guid":{"rendered":"https:\/\/catholic-television.com\/wp-staging\/es\/?page_id=1139"},"modified":"2025-03-12T13:05:34","modified_gmt":"2025-03-12T13:05:34","slug":"apoyanos","status":"publish","type":"page","link":"https:\/\/catholic-television.com\/es\/apoyanos\/","title":{"rendered":"Ap\u00f3yanos"},"content":{"rendered":"\t\t<div data-elementor-type=\"wp-page\" data-elementor-id=\"1139\" class=\"elementor elementor-1139 elementor-564\" data-elementor-post-type=\"page\">\n\t\t\t\t\t\t<section class=\"elementor-section elementor-top-section elementor-element elementor-element-034a3e2 elementor-section-boxed elementor-section-height-default elementor-section-height-default\" data-id=\"034a3e2\" data-element_type=\"section\" data-e-type=\"section\">\n\t\t\t\t\t\t<div class=\"elementor-container elementor-column-gap-default\">\n\t\t\t\t\t<div class=\"elementor-column elementor-col-100 elementor-top-column elementor-element elementor-element-2773f78\" data-id=\"2773f78\" data-element_type=\"column\" data-e-type=\"column\">\n\t\t\t<div class=\"elementor-widget-wrap elementor-element-populated\">\n\t\t\t\t\t\t<div class=\"elementor-element elementor-element-657b228 elementor-widget elementor-widget-spacer\" data-id=\"657b228\" data-element_type=\"widget\" data-e-type=\"widget\" data-widget_type=\"spacer.default\">\n\t\t\t\t<div class=\"elementor-widget-container\">\n\t\t\t\t\t\t\t<div class=\"elementor-spacer\">\n\t\t\t<div class=\"elementor-spacer-inner\"><\/div>\n\t\t<\/div>\n\t\t\t\t\t\t<\/div>\n\t\t\t\t<\/div>\n\t\t\t\t\t<\/div>\n\t\t<\/div>\n\t\t\t\t\t<\/div>\n\t\t<\/section>\n\t\t\t\t<section class=\"elementor-section elementor-top-section elementor-element elementor-element-3944be4 elementor-section-boxed elementor-section-height-default elementor-section-height-default\" data-id=\"3944be4\" data-element_type=\"section\" data-e-type=\"section\">\n\t\t\t\t\t\t<div class=\"elementor-container elementor-column-gap-default\">\n\t\t\t\t\t<div class=\"elementor-column elementor-col-100 elementor-top-column elementor-element elementor-element-19d844b\" data-id=\"19d844b\" data-element_type=\"column\" data-e-type=\"column\">\n\t\t\t<div class=\"elementor-widget-wrap elementor-element-populated\">\n\t\t\t\t\t\t<div class=\"elementor-element elementor-element-0590c64 elementor-widget elementor-widget-eael-content-ticker\" data-id=\"0590c64\" data-element_type=\"widget\" data-e-type=\"widget\" data-widget_type=\"eael-content-ticker.default\">\n\t\t\t\t<div class=\"elementor-widget-container\">\n\t\t\t\t\t<div class=\"eael-ticker-wrap\" id=\"eael-ticker-wrap-0590c64\"><div class=\"ticker-badge\">\n                    <span>Novedades<\/span>\n                <\/div><div class=\"eael-ticker\">\n                <div class=\"swiper swiper-8 eael-content-ticker swiper-container-0590c64\" data-pagination=\".swiper-pagination-0590c64\" data-arrow-next=\".swiper-button-next-0590c64\" data-arrow-prev=\".swiper-button-prev-0590c64\" data-effect=\"slide\" data-speed=\"610\" data-autoplay=\"2000\" data-loop=\"1\" data-arrows=\"1\">\n                    <div class=\"swiper-wrapper\"><div class=\"swiper-slide\">\n        <div class=\"ticker-content\">\n            <a href=\"https:\/\/catholic-television.com\/es\/ermita-virgen-loreto-san-juan-alicante\/\" class=\"ticker-content-link\">Ermita de la Virgen de Loreto<\/a>\n        <\/div>\n    <\/div><div class=\"swiper-slide\">\n        <div class=\"ticker-content\">\n            <a href=\"https:\/\/catholic-television.com\/es\/monasterio-santa-faz-lugares-religiosos-catolicos-alicante\/\" class=\"ticker-content-link\">El Monasterio de la Santa Faz<\/a>\n        <\/div>\n    <\/div><div class=\"swiper-slide\">\n        <div class=\"ticker-content\">\n            <a href=\"https:\/\/catholic-television.com\/es\/ermita-santa-ana-san-juan-turismo-alicante\/\" class=\"ticker-content-link\">Ermita de Santa Ana<\/a>\n        <\/div>\n    <\/div><div class=\"swiper-slide\">\n        <div class=\"ticker-content\">\n            <a href=\"https:\/\/catholic-television.com\/es\/ermita-del-calvari-sant-joan-alicante\/\" class=\"ticker-content-link\">Ermita del Calvari<\/a>\n        <\/div>\n    <\/div><\/div>\n\t\t\t\t<\/div> <div class=\"content-ticker-pagination\"><div class=\"swiper-button-next swiper-button-next-0590c64\"><\/div><div class=\"swiper-button-prev swiper-button-prev-0590c64\"><\/div><\/div><\/div>\n\t\t<\/div>\t\t\t\t<\/div>\n\t\t\t\t<\/div>\n\t\t\t\t\t<\/div>\n\t\t<\/div>\n\t\t\t\t\t<\/div>\n\t\t<\/section>\n\t\t\t\t<section class=\"elementor-section elementor-top-section elementor-element elementor-element-ae90082 elementor-section-boxed elementor-section-height-default elementor-section-height-default\" data-id=\"ae90082\" data-element_type=\"section\" data-e-type=\"section\">\n\t\t\t\t\t\t<div class=\"elementor-container elementor-column-gap-default\">\n\t\t\t\t\t<div class=\"elementor-column elementor-col-100 elementor-top-column elementor-element elementor-element-536e968\" data-id=\"536e968\" data-element_type=\"column\" data-e-type=\"column\">\n\t\t\t<div class=\"elementor-widget-wrap elementor-element-populated\">\n\t\t\t\t\t\t<div class=\"elementor-element elementor-element-dc09e64 elementor-widget elementor-widget-spacer\" data-id=\"dc09e64\" data-element_type=\"widget\" data-e-type=\"widget\" data-widget_type=\"spacer.default\">\n\t\t\t\t<div class=\"elementor-widget-container\">\n\t\t\t\t\t\t\t<div class=\"elementor-spacer\">\n\t\t\t<div class=\"elementor-spacer-inner\"><\/div>\n\t\t<\/div>\n\t\t\t\t\t\t<\/div>\n\t\t\t\t<\/div>\n\t\t\t\t\t<\/div>\n\t\t<\/div>\n\t\t\t\t\t<\/div>\n\t\t<\/section>\n\t\t\t\t<section class=\"elementor-section elementor-top-section elementor-element elementor-element-5a1df17 elementor-section-boxed elementor-section-height-default elementor-section-height-default\" data-id=\"5a1df17\" data-element_type=\"section\" data-e-type=\"section\" data-settings=\"{&quot;background_background&quot;:&quot;classic&quot;}\">\n\t\t\t\t\t\t<div class=\"elementor-container elementor-column-gap-default\">\n\t\t\t\t\t<div class=\"elementor-column elementor-col-100 elementor-top-column elementor-element elementor-element-2fd3251\" data-id=\"2fd3251\" data-element_type=\"column\" data-e-type=\"column\">\n\t\t\t<div class=\"elementor-widget-wrap elementor-element-populated\">\n\t\t\t\t\t\t<section class=\"elementor-section elementor-inner-section elementor-element elementor-element-446fe86 elementor-section-boxed elementor-section-height-default elementor-section-height-default\" data-id=\"446fe86\" data-element_type=\"section\" data-e-type=\"section\">\n\t\t\t\t\t\t<div class=\"elementor-container elementor-column-gap-default\">\n\t\t\t\t\t<div class=\"elementor-column elementor-col-100 elementor-inner-column elementor-element elementor-element-ad569b8\" data-id=\"ad569b8\" data-element_type=\"column\" data-e-type=\"column\" data-settings=\"{&quot;background_background&quot;:&quot;classic&quot;}\">\n\t\t\t<div class=\"elementor-widget-wrap elementor-element-populated\">\n\t\t\t\t\t\t<div class=\"elementor-element elementor-element-383767a elementor-widget elementor-widget-heading\" data-id=\"383767a\" data-element_type=\"widget\" data-e-type=\"widget\" data-widget_type=\"heading.default\">\n\t\t\t\t<div class=\"elementor-widget-container\">\n\t\t\t\t\t<h2 class=\"elementor-heading-title elementor-size-default\">Ap\u00f3yanos<\/h2>\t\t\t\t<\/div>\n\t\t\t\t<\/div>\n\t\t\t\t\t<\/div>\n\t\t<\/div>\n\t\t\t\t\t<\/div>\n\t\t<\/section>\n\t\t\t\t<section class=\"elementor-section elementor-inner-section elementor-element elementor-element-66193de elementor-section-boxed elementor-section-height-default elementor-section-height-default\" data-id=\"66193de\" data-element_type=\"section\" data-e-type=\"section\" data-settings=\"{&quot;background_background&quot;:&quot;classic&quot;}\">\n\t\t\t\t\t\t\t<div class=\"elementor-background-overlay\"><\/div>\n\t\t\t\t\t\t\t<div class=\"elementor-container elementor-column-gap-default\">\n\t\t\t\t\t<div class=\"elementor-column elementor-col-50 elementor-inner-column elementor-element elementor-element-a917abe\" data-id=\"a917abe\" data-element_type=\"column\" data-e-type=\"column\">\n\t\t\t<div class=\"elementor-widget-wrap elementor-element-populated\">\n\t\t\t\t\t\t<div class=\"elementor-element elementor-element-fd22f86 elementor-widget elementor-widget-text-editor\" data-id=\"fd22f86\" data-element_type=\"widget\" data-e-type=\"widget\" data-widget_type=\"text-editor.default\">\n\t\t\t\t<div class=\"elementor-widget-container\">\n\t\t\t\t\t\t\t\t\t<p>Catholic Television\u00a0es un instrumento para divulgar la buena nueva de Jes\u00fas sin \u00e1nimo de lucro, basado en los principios espirituales y las ense\u00f1anzas de San Ignacio de Loyola.<\/p><p>Siguiendo el ejemplo de los misioneros Jesuitas de anta\u00f1o hasta nuestros d\u00edas, hemos creado esta herramienta de comunicaci\u00f3n social para hacer llegar la Palabra de Dios a todas aquellas personas que por su falta de conocimiento, barrera ling\u00fc\u00edstica, imposiciones y restricciones de terceros no tienen suficiente acceso a conocer la verdad revelada por Jesucristo y sus ap\u00f3stoles.<\/p><p>Este medio de comunicaci\u00f3n desea dar a conocer el evangelio a las gentes de muchos pa\u00edses en su propio idioma, y para ello necesitamos vuestro apoyo. Vuestra ayuda nos permite seguir avanzando en el fiel mandato de nuestro Se\u00f1or y estamos agradecidos por la colaboraci\u00f3n.<\/p><p>Si usted desea apoyar nuestra misi\u00f3n, puede hacerlo haciendo clic a continuaci\u00f3n.<\/p><p>Si prefiere hacer una transferencia bancaria, por favor cont\u00e1ctenos a trav\u00e9s de correo electr\u00f3nico para obtener los datos bancarios. Muchas gracias. Que Dios os bendiga.<\/p>\t\t\t\t\t\t\t\t<\/div>\n\t\t\t\t<\/div>\n\t\t\t\t<div class=\"elementor-element elementor-element-4c855a3 elementor-widget elementor-widget-spacer\" data-id=\"4c855a3\" data-element_type=\"widget\" data-e-type=\"widget\" data-widget_type=\"spacer.default\">\n\t\t\t\t<div class=\"elementor-widget-container\">\n\t\t\t\t\t\t\t<div class=\"elementor-spacer\">\n\t\t\t<div class=\"elementor-spacer-inner\"><\/div>\n\t\t<\/div>\n\t\t\t\t\t\t<\/div>\n\t\t\t\t<\/div>\n\t\t\t\t<div class=\"elementor-element elementor-element-cb66def elementor-widget elementor-widget-image\" data-id=\"cb66def\" data-element_type=\"widget\" data-e-type=\"widget\" data-widget_type=\"image.default\">\n\t\t\t\t<div class=\"elementor-widget-container\">\n\t\t\t\t\t\t\t\t\t\t\t\t\t\t\t\t<a href=\"https:\/\/www.paypal.com\/donate\/?hosted_button_id=NUV48XH7XGSGE\">\n\t\t\t\t\t\t\t<img decoding=\"async\" width=\"152\" height=\"47\" src=\"https:\/\/catholic-television.com\/wp-content\/uploads\/2020\/10\/Pay-pal-donate-button.jpg\" class=\"attachment-large size-large wp-image-14792\" alt=\"\" srcset=\"https:\/\/catholic-television.com\/wp-content\/uploads\/2020\/10\/Pay-pal-donate-button.jpg 152w, https:\/\/catholic-television.com\/wp-content\/uploads\/2020\/10\/Pay-pal-donate-button-150x47.jpg 150w\" sizes=\"(max-width: 152px) 100vw, 152px\" style=\"width:100%;height:30.92%;max-width:152px\" \/>\t\t\t\t\t\t\t\t<\/a>\n\t\t\t\t\t\t\t\t\t\t\t\t\t\t\t<\/div>\n\t\t\t\t<\/div>\n\t\t\t\t\t<\/div>\n\t\t<\/div>\n\t\t\t\t<div class=\"elementor-column elementor-col-50 elementor-inner-column elementor-element elementor-element-ef3c5ad\" data-id=\"ef3c5ad\" data-element_type=\"column\" data-e-type=\"column\">\n\t\t\t<div class=\"elementor-widget-wrap elementor-element-populated\">\n\t\t\t\t\t\t<div class=\"elementor-element elementor-element-1c32e87 elementor-widget elementor-widget-image\" data-id=\"1c32e87\" data-element_type=\"widget\" data-e-type=\"widget\" data-widget_type=\"image.default\">\n\t\t\t\t<div class=\"elementor-widget-container\">\n\t\t\t\t\t\t\t\t\t\t\t\t\t\t\t<img fetchpriority=\"high\" decoding=\"async\" width=\"380\" height=\"380\" src=\"https:\/\/catholic-television.com\/wp-content\/uploads\/2016\/03\/catholictv.jpg\" class=\"attachment-large size-large wp-image-8238\" alt=\"\" srcset=\"https:\/\/catholic-television.com\/wp-content\/uploads\/2016\/03\/catholictv.jpg 380w, https:\/\/catholic-television.com\/wp-content\/uploads\/2016\/03\/catholictv-150x150.jpg 150w, https:\/\/catholic-television.com\/wp-content\/uploads\/2016\/03\/catholictv-300x300.jpg 300w\" sizes=\"(max-width: 380px) 100vw, 380px\" style=\"width:100%;height:100%;max-width:380px\" \/>\t\t\t\t\t\t\t\t\t\t\t\t\t\t\t<\/div>\n\t\t\t\t<\/div>\n\t\t\t\t\t<\/div>\n\t\t<\/div>\n\t\t\t\t\t<\/div>\n\t\t<\/section>\n\t\t\t\t\t<\/div>\n\t\t<\/div>\n\t\t\t\t\t<\/div>\n\t\t<\/section>\n\t\t\t\t<\/div>\n\t\t","protected":false},"excerpt":{"rendered":"<p>En la cumbre del monte Calvari, presidiendo el paraje de Coix, se encuentra esta peque\u00f1a ermita del siglo XVIII. Con planta de cruz griega coronada por una c\u00fapula, la ermita era el final de un v\u00eda crucis. Esta edificaci\u00f3n ha sido testigo de sangrientas contiendas b\u00e9licas, como la Guerra de la Independencia y la Guerra&hellip; <a class=\"more-link\" href=\"https:\/\/catholic-television.com\/es\/ermita-del-calvari-sant-joan-alicante\/\">Seguir leyendo <span class=\"screen-reader-text\">Ermita del Calvari<\/span><\/a><\/p>\n","protected":false},"author":1,"featured_media":0,"parent":0,"menu_order":0,"comment_status":"closed","ping_status":"closed","template":"elementor_header_footer","meta":{"footnotes":""},"class_list":["post-1139","page","type-page","status-publish","hentry","entry"],"yoast_head":"<!-- This site is optimized with the Yoast SEO plugin v27.3 - https:\/\/yoast.com\/product\/yoast-seo-wordpress\/ -->\n<title>Ap\u00f3yanos I Televisi\u00f3n Cat\u00f3lica I Palabra de Dios en Urdu, Hindi, Bangla<\/title>\n<meta name=\"description\" content=\"Ap\u00f3yanos. Televisi\u00f3n Cat\u00f3lica es un instrumento para la divulgaci\u00f3n la Buena Noticia de Jes\u00fas sin \u00e1nimo de lucro basado en los principios espirituales y las\" \/>\n<meta name=\"robots\" content=\"index, follow, max-snippet:-1, max-image-preview:large, max-video-preview:-1\" \/>\n<link rel=\"canonical\" href=\"https:\/\/catholic-television.com\/es\/apoyanos\/\" \/>\n<meta property=\"og:locale\" content=\"es_ES\" \/>\n<meta property=\"og:type\" content=\"article\" \/>\n<meta property=\"og:title\" content=\"Ap\u00f3yanos I Televisi\u00f3n Cat\u00f3lica I Palabra de Dios en Urdu, Hindi, Bangla\" \/>\n<meta property=\"og:description\" content=\"Ap\u00f3yanos. Televisi\u00f3n Cat\u00f3lica es un instrumento para la divulgaci\u00f3n la Buena Noticia de Jes\u00fas sin \u00e1nimo de lucro basado en los principios espirituales y las\" \/>\n<meta property=\"og:url\" content=\"https:\/\/catholic-television.com\/es\/apoyanos\/\" \/>\n<meta property=\"og:site_name\" content=\"Catholic-television\" \/>\n<meta property=\"article:publisher\" content=\"https:\/\/www.facebook.com\/catholic.television.production\/\" \/>\n<meta property=\"article:modified_time\" content=\"2025-03-12T13:05:34+00:00\" \/>\n<meta property=\"og:image\" content=\"https:\/\/catholic-television.com\/wp-content\/uploads\/2020\/10\/Pay-pal-donate-button.jpg\" \/>\n\t<meta property=\"og:image:width\" content=\"152\" \/>\n\t<meta property=\"og:image:height\" content=\"47\" \/>\n\t<meta property=\"og:image:type\" content=\"image\/jpeg\" \/>\n<meta name=\"twitter:card\" content=\"summary_large_image\" \/>\n<meta name=\"twitter:site\" content=\"@catholictele\" \/>\n<meta name=\"twitter:label1\" content=\"Tiempo de lectura\" \/>\n\t<meta name=\"twitter:data1\" content=\"2 minutos\" \/>\n<script type=\"application\/ld+json\" class=\"yoast-schema-graph\">{\"@context\":\"https:\\\/\\\/schema.org\",\"@graph\":[{\"@type\":\"WebPage\",\"@id\":\"https:\\\/\\\/catholic-television.com\\\/es\\\/apoyanos\\\/\",\"url\":\"https:\\\/\\\/catholic-television.com\\\/es\\\/apoyanos\\\/\",\"name\":\"Ap\u00f3yanos I Televisi\u00f3n Cat\u00f3lica I Palabra de Dios en Urdu, Hindi, Bangla\",\"isPartOf\":{\"@id\":\"https:\\\/\\\/catholic-television.com\\\/es\\\/#website\"},\"primaryImageOfPage\":{\"@id\":\"https:\\\/\\\/catholic-television.com\\\/es\\\/apoyanos\\\/#primaryimage\"},\"image\":{\"@id\":\"https:\\\/\\\/catholic-television.com\\\/es\\\/apoyanos\\\/#primaryimage\"},\"thumbnailUrl\":\"https:\\\/\\\/catholic-television.com\\\/wp-content\\\/uploads\\\/2020\\\/10\\\/Pay-pal-donate-button.jpg\",\"datePublished\":\"2016-11-27T02:32:54+00:00\",\"dateModified\":\"2025-03-12T13:05:34+00:00\",\"description\":\"Ap\u00f3yanos. Televisi\u00f3n Cat\u00f3lica es un instrumento para la divulgaci\u00f3n la Buena Noticia de Jes\u00fas sin \u00e1nimo de lucro basado en los principios espirituales y las\",\"breadcrumb\":{\"@id\":\"https:\\\/\\\/catholic-television.com\\\/es\\\/apoyanos\\\/#breadcrumb\"},\"inLanguage\":\"es\",\"potentialAction\":[{\"@type\":\"ReadAction\",\"target\":[\"https:\\\/\\\/catholic-television.com\\\/es\\\/apoyanos\\\/\"]}]},{\"@type\":\"ImageObject\",\"inLanguage\":\"es\",\"@id\":\"https:\\\/\\\/catholic-television.com\\\/es\\\/apoyanos\\\/#primaryimage\",\"url\":\"https:\\\/\\\/catholic-television.com\\\/wp-content\\\/uploads\\\/2020\\\/10\\\/Pay-pal-donate-button.jpg\",\"contentUrl\":\"https:\\\/\\\/catholic-television.com\\\/wp-content\\\/uploads\\\/2020\\\/10\\\/Pay-pal-donate-button.jpg\"},{\"@type\":\"BreadcrumbList\",\"@id\":\"https:\\\/\\\/catholic-television.com\\\/es\\\/apoyanos\\\/#breadcrumb\",\"itemListElement\":[{\"@type\":\"ListItem\",\"position\":1,\"name\":\"Portada\",\"item\":\"https:\\\/\\\/catholic-television.com\\\/es\\\/?lang=es\"},{\"@type\":\"ListItem\",\"position\":2,\"name\":\"Ap\u00f3yanos\"}]},{\"@type\":\"WebSite\",\"@id\":\"https:\\\/\\\/catholic-television.com\\\/es\\\/#website\",\"url\":\"https:\\\/\\\/catholic-television.com\\\/es\\\/\",\"name\":\"Catholic-television\",\"description\":\"Catholic Television\",\"publisher\":{\"@id\":\"https:\\\/\\\/catholic-television.com\\\/es\\\/#organization\"},\"potentialAction\":[{\"@type\":\"SearchAction\",\"target\":{\"@type\":\"EntryPoint\",\"urlTemplate\":\"https:\\\/\\\/catholic-television.com\\\/es\\\/?s={search_term_string}\"},\"query-input\":{\"@type\":\"PropertyValueSpecification\",\"valueRequired\":true,\"valueName\":\"search_term_string\"}}],\"inLanguage\":\"es\"},{\"@type\":\"Organization\",\"@id\":\"https:\\\/\\\/catholic-television.com\\\/es\\\/#organization\",\"name\":\"Catholic-television\",\"url\":\"https:\\\/\\\/catholic-television.com\\\/es\\\/\",\"logo\":{\"@type\":\"ImageObject\",\"inLanguage\":\"es\",\"@id\":\"https:\\\/\\\/catholic-television.com\\\/es\\\/#\\\/schema\\\/logo\\\/image\\\/\",\"url\":\"https:\\\/\\\/catholic-television.com\\\/wp-content\\\/uploads\\\/2019\\\/06\\\/catholic-tv_ok2.png\",\"contentUrl\":\"https:\\\/\\\/catholic-television.com\\\/wp-content\\\/uploads\\\/2019\\\/06\\\/catholic-tv_ok2.png\",\"width\":303,\"height\":99,\"caption\":\"Catholic-television\"},\"image\":{\"@id\":\"https:\\\/\\\/catholic-television.com\\\/es\\\/#\\\/schema\\\/logo\\\/image\\\/\"},\"sameAs\":[\"https:\\\/\\\/www.facebook.com\\\/catholic.television.production\\\/\",\"https:\\\/\\\/x.com\\\/catholictele\"]}]}<\/script>\n<!-- \/ Yoast SEO plugin. -->","yoast_head_json":{"title":"Ap\u00f3yanos I Televisi\u00f3n Cat\u00f3lica I Palabra de Dios en Urdu, Hindi, Bangla","description":"Ap\u00f3yanos. Televisi\u00f3n Cat\u00f3lica es un instrumento para la divulgaci\u00f3n la Buena Noticia de Jes\u00fas sin \u00e1nimo de lucro basado en los principios espirituales y las","robots":{"index":"index","follow":"follow","max-snippet":"max-snippet:-1","max-image-preview":"max-image-preview:large","max-video-preview":"max-video-preview:-1"},"canonical":"https:\/\/catholic-television.com\/es\/apoyanos\/","og_locale":"es_ES","og_type":"article","og_title":"Ap\u00f3yanos I Televisi\u00f3n Cat\u00f3lica I Palabra de Dios en Urdu, Hindi, Bangla","og_description":"Ap\u00f3yanos. Televisi\u00f3n Cat\u00f3lica es un instrumento para la divulgaci\u00f3n la Buena Noticia de Jes\u00fas sin \u00e1nimo de lucro basado en los principios espirituales y las","og_url":"https:\/\/catholic-television.com\/es\/apoyanos\/","og_site_name":"Catholic-television","article_publisher":"https:\/\/www.facebook.com\/catholic.television.production\/","article_modified_time":"2025-03-12T13:05:34+00:00","og_image":[{"width":152,"height":47,"url":"https:\/\/catholic-television.com\/wp-content\/uploads\/2020\/10\/Pay-pal-donate-button.jpg","type":"image\/jpeg"}],"twitter_card":"summary_large_image","twitter_site":"@catholictele","twitter_misc":{"Tiempo de lectura":"2 minutos"},"schema":{"@context":"https:\/\/schema.org","@graph":[{"@type":"WebPage","@id":"https:\/\/catholic-television.com\/es\/apoyanos\/","url":"https:\/\/catholic-television.com\/es\/apoyanos\/","name":"Ap\u00f3yanos I Televisi\u00f3n Cat\u00f3lica I Palabra de Dios en Urdu, Hindi, Bangla","isPartOf":{"@id":"https:\/\/catholic-television.com\/es\/#website"},"primaryImageOfPage":{"@id":"https:\/\/catholic-television.com\/es\/apoyanos\/#primaryimage"},"image":{"@id":"https:\/\/catholic-television.com\/es\/apoyanos\/#primaryimage"},"thumbnailUrl":"https:\/\/catholic-television.com\/wp-content\/uploads\/2020\/10\/Pay-pal-donate-button.jpg","datePublished":"2016-11-27T02:32:54+00:00","dateModified":"2025-03-12T13:05:34+00:00","description":"Ap\u00f3yanos. Televisi\u00f3n Cat\u00f3lica es un instrumento para la divulgaci\u00f3n la Buena Noticia de Jes\u00fas sin \u00e1nimo de lucro basado en los principios espirituales y las","breadcrumb":{"@id":"https:\/\/catholic-television.com\/es\/apoyanos\/#breadcrumb"},"inLanguage":"es","potentialAction":[{"@type":"ReadAction","target":["https:\/\/catholic-television.com\/es\/apoyanos\/"]}]},{"@type":"ImageObject","inLanguage":"es","@id":"https:\/\/catholic-television.com\/es\/apoyanos\/#primaryimage","url":"https:\/\/catholic-television.com\/wp-content\/uploads\/2020\/10\/Pay-pal-donate-button.jpg","contentUrl":"https:\/\/catholic-television.com\/wp-content\/uploads\/2020\/10\/Pay-pal-donate-button.jpg"},{"@type":"BreadcrumbList","@id":"https:\/\/catholic-television.com\/es\/apoyanos\/#breadcrumb","itemListElement":[{"@type":"ListItem","position":1,"name":"Portada","item":"https:\/\/catholic-television.com\/es\/?lang=es"},{"@type":"ListItem","position":2,"name":"Ap\u00f3yanos"}]},{"@type":"WebSite","@id":"https:\/\/catholic-television.com\/es\/#website","url":"https:\/\/catholic-television.com\/es\/","name":"Catholic-television","description":"Catholic Television","publisher":{"@id":"https:\/\/catholic-television.com\/es\/#organization"},"potentialAction":[{"@type":"SearchAction","target":{"@type":"EntryPoint","urlTemplate":"https:\/\/catholic-television.com\/es\/?s={search_term_string}"},"query-input":{"@type":"PropertyValueSpecification","valueRequired":true,"valueName":"search_term_string"}}],"inLanguage":"es"},{"@type":"Organization","@id":"https:\/\/catholic-television.com\/es\/#organization","name":"Catholic-television","url":"https:\/\/catholic-television.com\/es\/","logo":{"@type":"ImageObject","inLanguage":"es","@id":"https:\/\/catholic-television.com\/es\/#\/schema\/logo\/image\/","url":"https:\/\/catholic-television.com\/wp-content\/uploads\/2019\/06\/catholic-tv_ok2.png","contentUrl":"https:\/\/catholic-television.com\/wp-content\/uploads\/2019\/06\/catholic-tv_ok2.png","width":303,"height":99,"caption":"Catholic-television"},"image":{"@id":"https:\/\/catholic-television.com\/es\/#\/schema\/logo\/image\/"},"sameAs":["https:\/\/www.facebook.com\/catholic.television.production\/","https:\/\/x.com\/catholictele"]}]}},"_links":{"self":[{"href":"https:\/\/catholic-television.com\/es\/wp-json\/wp\/v2\/pages\/1139","targetHints":{"allow":["GET"]}}],"collection":[{"href":"https:\/\/catholic-television.com\/es\/wp-json\/wp\/v2\/pages"}],"about":[{"href":"https:\/\/catholic-television.com\/es\/wp-json\/wp\/v2\/types\/page"}],"author":[{"embeddable":true,"href":"https:\/\/catholic-television.com\/es\/wp-json\/wp\/v2\/users\/1"}],"replies":[{"embeddable":true,"href":"https:\/\/catholic-television.com\/es\/wp-json\/wp\/v2\/comments?post=1139"}],"version-history":[{"count":15,"href":"https:\/\/catholic-television.com\/es\/wp-json\/wp\/v2\/pages\/1139\/revisions"}],"predecessor-version":[{"id":18050,"href":"https:\/\/catholic-television.com\/es\/wp-json\/wp\/v2\/pages\/1139\/revisions\/18050"}],"wp:attachment":[{"href":"https:\/\/catholic-television.com\/es\/wp-json\/wp\/v2\/media?parent=1139"}],"curies":[{"name":"wp","href":"https:\/\/api.w.org\/{rel}","templated":true}]}}