{"id":1137,"date":"2016-11-27T02:27:24","date_gmt":"2016-11-27T02:27:24","guid":{"rendered":"https:\/\/catholic-television.com\/wp-staging\/es\/?page_id=1137"},"modified":"2022-11-19T14:20:06","modified_gmt":"2022-11-19T14:20:06","slug":"quienes-somos","status":"publish","type":"page","link":"https:\/\/catholic-television.com\/es\/quienes-somos\/","title":{"rendered":"Quienes Somos"},"content":{"rendered":"\t\t<div data-elementor-type=\"wp-page\" data-elementor-id=\"1137\" class=\"elementor elementor-1137 elementor-325\" data-elementor-post-type=\"page\">\n\t\t\t\t\t\t<section class=\"elementor-section elementor-top-section elementor-element elementor-element-974e3ac elementor-section-boxed elementor-section-height-default elementor-section-height-default\" data-id=\"974e3ac\" data-element_type=\"section\" data-e-type=\"section\">\n\t\t\t\t\t\t<div class=\"elementor-container elementor-column-gap-default\">\n\t\t\t\t\t<div class=\"elementor-column elementor-col-100 elementor-top-column elementor-element elementor-element-c338b30\" data-id=\"c338b30\" data-element_type=\"column\" data-e-type=\"column\">\n\t\t\t<div class=\"elementor-widget-wrap elementor-element-populated\">\n\t\t\t\t\t\t<div class=\"elementor-element elementor-element-17542a8 elementor-widget elementor-widget-spacer\" data-id=\"17542a8\" data-element_type=\"widget\" data-e-type=\"widget\" data-widget_type=\"spacer.default\">\n\t\t\t\t<div class=\"elementor-widget-container\">\n\t\t\t\t\t\t\t<div class=\"elementor-spacer\">\n\t\t\t<div class=\"elementor-spacer-inner\"><\/div>\n\t\t<\/div>\n\t\t\t\t\t\t<\/div>\n\t\t\t\t<\/div>\n\t\t\t\t\t<\/div>\n\t\t<\/div>\n\t\t\t\t\t<\/div>\n\t\t<\/section>\n\t\t\t\t<section class=\"elementor-section elementor-top-section elementor-element elementor-element-4186fb5 elementor-section-boxed elementor-section-height-default elementor-section-height-default\" data-id=\"4186fb5\" data-element_type=\"section\" data-e-type=\"section\">\n\t\t\t\t\t\t<div class=\"elementor-container elementor-column-gap-default\">\n\t\t\t\t\t<div class=\"elementor-column elementor-col-100 elementor-top-column elementor-element elementor-element-fe48cf0\" data-id=\"fe48cf0\" data-element_type=\"column\" data-e-type=\"column\">\n\t\t\t<div class=\"elementor-widget-wrap elementor-element-populated\">\n\t\t\t\t\t\t<div class=\"elementor-element elementor-element-b6ebfe1 elementor-widget elementor-widget-eael-content-ticker\" data-id=\"b6ebfe1\" data-element_type=\"widget\" data-e-type=\"widget\" data-widget_type=\"eael-content-ticker.default\">\n\t\t\t\t<div class=\"elementor-widget-container\">\n\t\t\t\t\t<div class=\"eael-ticker-wrap\" id=\"eael-ticker-wrap-b6ebfe1\"><div class=\"ticker-badge\">\n                    <span>Novedades<\/span>\n                <\/div><div class=\"eael-ticker\">\n                <div class=\"swiper swiper-8 eael-content-ticker swiper-container-b6ebfe1\" data-pagination=\".swiper-pagination-b6ebfe1\" data-arrow-next=\".swiper-button-next-b6ebfe1\" data-arrow-prev=\".swiper-button-prev-b6ebfe1\" data-effect=\"slide\" data-speed=\"610\" data-autoplay=\"2000\" data-loop=\"1\" data-arrows=\"1\">\n                    <div class=\"swiper-wrapper\"><div class=\"swiper-slide\">\n        <div class=\"ticker-content\">\n            <a href=\"https:\/\/catholic-television.com\/es\/ermita-virgen-loreto-san-juan-alicante\/\" class=\"ticker-content-link\">Ermita de la Virgen de Loreto<\/a>\n        <\/div>\n    <\/div><div class=\"swiper-slide\">\n        <div class=\"ticker-content\">\n            <a href=\"https:\/\/catholic-television.com\/es\/monasterio-santa-faz-lugares-religiosos-catolicos-alicante\/\" class=\"ticker-content-link\">El Monasterio de la Santa Faz<\/a>\n        <\/div>\n    <\/div><div class=\"swiper-slide\">\n        <div class=\"ticker-content\">\n            <a href=\"https:\/\/catholic-television.com\/es\/ermita-santa-ana-san-juan-turismo-alicante\/\" class=\"ticker-content-link\">Ermita de Santa Ana<\/a>\n        <\/div>\n    <\/div><div class=\"swiper-slide\">\n        <div class=\"ticker-content\">\n            <a href=\"https:\/\/catholic-television.com\/es\/ermita-del-calvari-sant-joan-alicante\/\" class=\"ticker-content-link\">Ermita del Calvari<\/a>\n        <\/div>\n    <\/div><\/div>\n\t\t\t\t<\/div> <div class=\"content-ticker-pagination\"><div class=\"swiper-button-next swiper-button-next-b6ebfe1\"><\/div><div class=\"swiper-button-prev swiper-button-prev-b6ebfe1\"><\/div><\/div><\/div>\n\t\t<\/div>\t\t\t\t<\/div>\n\t\t\t\t<\/div>\n\t\t\t\t\t<\/div>\n\t\t<\/div>\n\t\t\t\t\t<\/div>\n\t\t<\/section>\n\t\t\t\t<section class=\"elementor-section elementor-top-section elementor-element elementor-element-dd4076e elementor-section-boxed elementor-section-height-default elementor-section-height-default\" data-id=\"dd4076e\" data-element_type=\"section\" data-e-type=\"section\">\n\t\t\t\t\t\t<div class=\"elementor-container elementor-column-gap-default\">\n\t\t\t\t\t<div class=\"elementor-column elementor-col-100 elementor-top-column elementor-element elementor-element-5ce00ca\" data-id=\"5ce00ca\" data-element_type=\"column\" data-e-type=\"column\">\n\t\t\t<div class=\"elementor-widget-wrap elementor-element-populated\">\n\t\t\t\t\t\t<div class=\"elementor-element elementor-element-d4982aa elementor-widget elementor-widget-spacer\" data-id=\"d4982aa\" data-element_type=\"widget\" data-e-type=\"widget\" data-widget_type=\"spacer.default\">\n\t\t\t\t<div class=\"elementor-widget-container\">\n\t\t\t\t\t\t\t<div class=\"elementor-spacer\">\n\t\t\t<div class=\"elementor-spacer-inner\"><\/div>\n\t\t<\/div>\n\t\t\t\t\t\t<\/div>\n\t\t\t\t<\/div>\n\t\t\t\t\t<\/div>\n\t\t<\/div>\n\t\t\t\t\t<\/div>\n\t\t<\/section>\n\t\t\t\t<section class=\"elementor-section elementor-top-section elementor-element elementor-element-7711cfd elementor-section-boxed elementor-section-height-default elementor-section-height-default\" data-id=\"7711cfd\" data-element_type=\"section\" data-e-type=\"section\">\n\t\t\t\t\t\t\t<div class=\"elementor-background-overlay\"><\/div>\n\t\t\t\t\t\t\t<div class=\"elementor-container elementor-column-gap-default\">\n\t\t\t\t\t<div class=\"elementor-column elementor-col-100 elementor-top-column elementor-element elementor-element-a687cda\" data-id=\"a687cda\" data-element_type=\"column\" data-e-type=\"column\" data-settings=\"{&quot;background_background&quot;:&quot;classic&quot;}\">\n\t\t\t<div class=\"elementor-widget-wrap elementor-element-populated\">\n\t\t\t\t\t\t<section class=\"elementor-section elementor-inner-section elementor-element elementor-element-e293dc6 elementor-section-boxed elementor-section-height-default elementor-section-height-default\" data-id=\"e293dc6\" data-element_type=\"section\" data-e-type=\"section\">\n\t\t\t\t\t\t\t<div class=\"elementor-background-overlay\"><\/div>\n\t\t\t\t\t\t\t<div class=\"elementor-container elementor-column-gap-default\">\n\t\t\t\t\t<div class=\"elementor-column elementor-col-100 elementor-inner-column elementor-element elementor-element-891ddf9\" data-id=\"891ddf9\" data-element_type=\"column\" data-e-type=\"column\" data-settings=\"{&quot;background_background&quot;:&quot;classic&quot;}\">\n\t\t\t<div class=\"elementor-widget-wrap elementor-element-populated\">\n\t\t\t\t\t\t<div class=\"elementor-element elementor-element-fa8f112 elementor-widget elementor-widget-heading\" data-id=\"fa8f112\" data-element_type=\"widget\" data-e-type=\"widget\" data-widget_type=\"heading.default\">\n\t\t\t\t<div class=\"elementor-widget-container\">\n\t\t\t\t\t<h2 class=\"elementor-heading-title elementor-size-default\">Quienes Somos<\/h2>\t\t\t\t<\/div>\n\t\t\t\t<\/div>\n\t\t\t\t\t<\/div>\n\t\t<\/div>\n\t\t\t\t\t<\/div>\n\t\t<\/section>\n\t\t\t\t<div class=\"elementor-element elementor-element-96facdc elementor-widget elementor-widget-text-editor\" data-id=\"96facdc\" data-element_type=\"widget\" data-e-type=\"widget\" data-widget_type=\"text-editor.default\">\n\t\t\t\t<div class=\"elementor-widget-container\">\n\t\t\t\t\t\t\t\t\t<p>Somos un grupo de cristianos seglares cat\u00f3licos que, desde el carisma de San Ignacio de Loyola quiere responder al mandato de Jes\u00fas: \u201cid y haced disc\u00edpulos en todas las naciones.\u201d Mt. 28:19 Para ello trabajamos entregando nuestro tiempo, esfuerzo y recursos en la difusi\u00f3n del evangelio a aquellos que a\u00fan no lo conocen.<\/p><p><br><\/p>\n<p>La necesidad es enorme y ha habido una creciente demanda de formaci\u00f3n y conocimiento del cristianismo cat\u00f3lico en varios pa\u00edses asi\u00e1ticos y africanos, o de nula tradici\u00f3n cristiana, a trav\u00e9s de Internet. Nos inspiramos en San Francisco Javier, que recorri\u00f3 el mundo consciente de que muchos no llegan a ser cristianos por la \u00fanica raz\u00f3n de que no hay quien les predique y ense\u00f1e el evangelio. Nuestra respuesta es esta iniciativa.<\/p><p><br><\/p>\n<p>Desde el carisma de la Compa\u00f1\u00eda de Jes\u00fas estamos desarrollando un canal de TV v\u00eda Internet para la transmisi\u00f3n y crecimiento de la fe cristiana cat\u00f3lica, especialmente destinado a los pa\u00edses asi\u00e1ticos con dif\u00edcil acceso por su situaci\u00f3n personal, cultural, ling\u00fc\u00edstica, religiosa o pol\u00edtica. Un canal que trascienda l\u00edmites y fronteras, accesible para todos y que anuncie con alegr\u00eda la verdad revelada por Jesucristo y sus ap\u00f3stoles.<\/p><p><br><\/p>\n<p>\u201cNo somos monjes, el mundo es nuestra casa\u201d. Siguiendo esta m\u00e1xima de&nbsp; Jer\u00f3nimo Nadal SJ,&nbsp; queremos que la Buena Noticia llegue a cada uno en su idioma o dialecto propio y que sea una herramienta eficaz para el conocimiento y crecimiento en la fe, para la evangelizaci\u00f3n de todos los pueblos. Por medio de videos, reflexiones, oraciones, catequesis, animaci\u00f3n, testimonios\u2026 y con nuestro equipo especializado en idiomas como Urdu, Indonesio, Hindi, Bangla, \u00c1rabe etc. queremos&nbsp; llegar a todos.<\/p><p><br><\/p>\n<p><b>Ad maiorem Dei gloriam \u2013 Para la mayor gloria de Dios<\/b><\/p>\t\t\t\t\t\t\t\t<\/div>\n\t\t\t\t<\/div>\n\t\t\t\t\t<\/div>\n\t\t<\/div>\n\t\t\t\t\t<\/div>\n\t\t<\/section>\n\t\t\t\t<\/div>\n\t\t","protected":false},"excerpt":{"rendered":"<p>En la cumbre del monte Calvari, presidiendo el paraje de Coix, se encuentra esta peque\u00f1a ermita del siglo XVIII. Con planta de cruz griega coronada por una c\u00fapula, la ermita era el final de un v\u00eda crucis. Esta edificaci\u00f3n ha sido testigo de sangrientas contiendas b\u00e9licas, como la Guerra de la Independencia y la Guerra&hellip; <a class=\"more-link\" href=\"https:\/\/catholic-television.com\/es\/ermita-del-calvari-sant-joan-alicante\/\">Seguir leyendo <span class=\"screen-reader-text\">Ermita del Calvari<\/span><\/a><\/p>\n","protected":false},"author":1,"featured_media":0,"parent":0,"menu_order":0,"comment_status":"closed","ping_status":"closed","template":"elementor_header_footer","meta":{"footnotes":""},"class_list":["post-1137","page","type-page","status-publish","hentry","entry"],"yoast_head":"<!-- This site is optimized with the Yoast SEO plugin v27.3 - https:\/\/yoast.com\/product\/yoast-seo-wordpress\/ -->\n<title>Quienes Somos I Televisi\u00f3n Cat\u00f3lica I www.catholic-television.com<\/title>\n<meta name=\"description\" content=\"Somos un grupo de cristianos seglares cat\u00f3licos que, desde el carisma de San Ignacio de Loyola quiere responder al mandato de Jes\u00fas: \u201cid y haced disc\u00edpulos\" \/>\n<meta name=\"robots\" content=\"index, follow, max-snippet:-1, max-image-preview:large, max-video-preview:-1\" \/>\n<link rel=\"canonical\" href=\"https:\/\/catholic-television.com\/es\/quienes-somos\/\" \/>\n<meta property=\"og:locale\" content=\"es_ES\" \/>\n<meta property=\"og:type\" content=\"article\" \/>\n<meta property=\"og:title\" content=\"Quienes Somos I Televisi\u00f3n Cat\u00f3lica I www.catholic-television.com\" \/>\n<meta property=\"og:description\" content=\"Somos un grupo de cristianos seglares cat\u00f3licos que, desde el carisma de San Ignacio de Loyola quiere responder al mandato de Jes\u00fas: \u201cid y haced disc\u00edpulos\" \/>\n<meta property=\"og:url\" content=\"https:\/\/catholic-television.com\/es\/quienes-somos\/\" \/>\n<meta property=\"og:site_name\" content=\"Catholic-television\" \/>\n<meta property=\"article:publisher\" content=\"https:\/\/www.facebook.com\/catholic.television.production\/\" \/>\n<meta property=\"article:modified_time\" content=\"2022-11-19T14:20:06+00:00\" \/>\n<meta name=\"twitter:card\" content=\"summary_large_image\" \/>\n<meta name=\"twitter:site\" content=\"@catholictele\" \/>\n<meta name=\"twitter:label1\" content=\"Tiempo de lectura\" \/>\n\t<meta name=\"twitter:data1\" content=\"2 minutos\" \/>\n<script type=\"application\/ld+json\" class=\"yoast-schema-graph\">{\"@context\":\"https:\\\/\\\/schema.org\",\"@graph\":[{\"@type\":\"WebPage\",\"@id\":\"https:\\\/\\\/catholic-television.com\\\/es\\\/quienes-somos\\\/\",\"url\":\"https:\\\/\\\/catholic-television.com\\\/es\\\/quienes-somos\\\/\",\"name\":\"Quienes Somos I Televisi\u00f3n Cat\u00f3lica I www.catholic-television.com\",\"isPartOf\":{\"@id\":\"https:\\\/\\\/catholic-television.com\\\/es\\\/#website\"},\"datePublished\":\"2016-11-27T02:27:24+00:00\",\"dateModified\":\"2022-11-19T14:20:06+00:00\",\"description\":\"Somos un grupo de cristianos seglares cat\u00f3licos que, desde el carisma de San Ignacio de Loyola quiere responder al mandato de Jes\u00fas: \u201cid y haced disc\u00edpulos\",\"breadcrumb\":{\"@id\":\"https:\\\/\\\/catholic-television.com\\\/es\\\/quienes-somos\\\/#breadcrumb\"},\"inLanguage\":\"es\",\"potentialAction\":[{\"@type\":\"ReadAction\",\"target\":[\"https:\\\/\\\/catholic-television.com\\\/es\\\/quienes-somos\\\/\"]}]},{\"@type\":\"BreadcrumbList\",\"@id\":\"https:\\\/\\\/catholic-television.com\\\/es\\\/quienes-somos\\\/#breadcrumb\",\"itemListElement\":[{\"@type\":\"ListItem\",\"position\":1,\"name\":\"Portada\",\"item\":\"https:\\\/\\\/catholic-television.com\\\/es\\\/?lang=es\"},{\"@type\":\"ListItem\",\"position\":2,\"name\":\"Quienes Somos\"}]},{\"@type\":\"WebSite\",\"@id\":\"https:\\\/\\\/catholic-television.com\\\/es\\\/#website\",\"url\":\"https:\\\/\\\/catholic-television.com\\\/es\\\/\",\"name\":\"Catholic-television\",\"description\":\"Catholic Television\",\"publisher\":{\"@id\":\"https:\\\/\\\/catholic-television.com\\\/es\\\/#organization\"},\"potentialAction\":[{\"@type\":\"SearchAction\",\"target\":{\"@type\":\"EntryPoint\",\"urlTemplate\":\"https:\\\/\\\/catholic-television.com\\\/es\\\/?s={search_term_string}\"},\"query-input\":{\"@type\":\"PropertyValueSpecification\",\"valueRequired\":true,\"valueName\":\"search_term_string\"}}],\"inLanguage\":\"es\"},{\"@type\":\"Organization\",\"@id\":\"https:\\\/\\\/catholic-television.com\\\/es\\\/#organization\",\"name\":\"Catholic-television\",\"url\":\"https:\\\/\\\/catholic-television.com\\\/es\\\/\",\"logo\":{\"@type\":\"ImageObject\",\"inLanguage\":\"es\",\"@id\":\"https:\\\/\\\/catholic-television.com\\\/es\\\/#\\\/schema\\\/logo\\\/image\\\/\",\"url\":\"https:\\\/\\\/catholic-television.com\\\/wp-content\\\/uploads\\\/2019\\\/06\\\/catholic-tv_ok2.png\",\"contentUrl\":\"https:\\\/\\\/catholic-television.com\\\/wp-content\\\/uploads\\\/2019\\\/06\\\/catholic-tv_ok2.png\",\"width\":303,\"height\":99,\"caption\":\"Catholic-television\"},\"image\":{\"@id\":\"https:\\\/\\\/catholic-television.com\\\/es\\\/#\\\/schema\\\/logo\\\/image\\\/\"},\"sameAs\":[\"https:\\\/\\\/www.facebook.com\\\/catholic.television.production\\\/\",\"https:\\\/\\\/x.com\\\/catholictele\"]}]}<\/script>\n<!-- \/ Yoast SEO plugin. -->","yoast_head_json":{"title":"Quienes Somos I Televisi\u00f3n Cat\u00f3lica I www.catholic-television.com","description":"Somos un grupo de cristianos seglares cat\u00f3licos que, desde el carisma de San Ignacio de Loyola quiere responder al mandato de Jes\u00fas: \u201cid y haced disc\u00edpulos","robots":{"index":"index","follow":"follow","max-snippet":"max-snippet:-1","max-image-preview":"max-image-preview:large","max-video-preview":"max-video-preview:-1"},"canonical":"https:\/\/catholic-television.com\/es\/quienes-somos\/","og_locale":"es_ES","og_type":"article","og_title":"Quienes Somos I Televisi\u00f3n Cat\u00f3lica I www.catholic-television.com","og_description":"Somos un grupo de cristianos seglares cat\u00f3licos que, desde el carisma de San Ignacio de Loyola quiere responder al mandato de Jes\u00fas: \u201cid y haced disc\u00edpulos","og_url":"https:\/\/catholic-television.com\/es\/quienes-somos\/","og_site_name":"Catholic-television","article_publisher":"https:\/\/www.facebook.com\/catholic.television.production\/","article_modified_time":"2022-11-19T14:20:06+00:00","twitter_card":"summary_large_image","twitter_site":"@catholictele","twitter_misc":{"Tiempo de lectura":"2 minutos"},"schema":{"@context":"https:\/\/schema.org","@graph":[{"@type":"WebPage","@id":"https:\/\/catholic-television.com\/es\/quienes-somos\/","url":"https:\/\/catholic-television.com\/es\/quienes-somos\/","name":"Quienes Somos I Televisi\u00f3n Cat\u00f3lica I www.catholic-television.com","isPartOf":{"@id":"https:\/\/catholic-television.com\/es\/#website"},"datePublished":"2016-11-27T02:27:24+00:00","dateModified":"2022-11-19T14:20:06+00:00","description":"Somos un grupo de cristianos seglares cat\u00f3licos que, desde el carisma de San Ignacio de Loyola quiere responder al mandato de Jes\u00fas: \u201cid y haced disc\u00edpulos","breadcrumb":{"@id":"https:\/\/catholic-television.com\/es\/quienes-somos\/#breadcrumb"},"inLanguage":"es","potentialAction":[{"@type":"ReadAction","target":["https:\/\/catholic-television.com\/es\/quienes-somos\/"]}]},{"@type":"BreadcrumbList","@id":"https:\/\/catholic-television.com\/es\/quienes-somos\/#breadcrumb","itemListElement":[{"@type":"ListItem","position":1,"name":"Portada","item":"https:\/\/catholic-television.com\/es\/?lang=es"},{"@type":"ListItem","position":2,"name":"Quienes Somos"}]},{"@type":"WebSite","@id":"https:\/\/catholic-television.com\/es\/#website","url":"https:\/\/catholic-television.com\/es\/","name":"Catholic-television","description":"Catholic Television","publisher":{"@id":"https:\/\/catholic-television.com\/es\/#organization"},"potentialAction":[{"@type":"SearchAction","target":{"@type":"EntryPoint","urlTemplate":"https:\/\/catholic-television.com\/es\/?s={search_term_string}"},"query-input":{"@type":"PropertyValueSpecification","valueRequired":true,"valueName":"search_term_string"}}],"inLanguage":"es"},{"@type":"Organization","@id":"https:\/\/catholic-television.com\/es\/#organization","name":"Catholic-television","url":"https:\/\/catholic-television.com\/es\/","logo":{"@type":"ImageObject","inLanguage":"es","@id":"https:\/\/catholic-television.com\/es\/#\/schema\/logo\/image\/","url":"https:\/\/catholic-television.com\/wp-content\/uploads\/2019\/06\/catholic-tv_ok2.png","contentUrl":"https:\/\/catholic-television.com\/wp-content\/uploads\/2019\/06\/catholic-tv_ok2.png","width":303,"height":99,"caption":"Catholic-television"},"image":{"@id":"https:\/\/catholic-television.com\/es\/#\/schema\/logo\/image\/"},"sameAs":["https:\/\/www.facebook.com\/catholic.television.production\/","https:\/\/x.com\/catholictele"]}]}},"_links":{"self":[{"href":"https:\/\/catholic-television.com\/es\/wp-json\/wp\/v2\/pages\/1137","targetHints":{"allow":["GET"]}}],"collection":[{"href":"https:\/\/catholic-television.com\/es\/wp-json\/wp\/v2\/pages"}],"about":[{"href":"https:\/\/catholic-television.com\/es\/wp-json\/wp\/v2\/types\/page"}],"author":[{"embeddable":true,"href":"https:\/\/catholic-television.com\/es\/wp-json\/wp\/v2\/users\/1"}],"replies":[{"embeddable":true,"href":"https:\/\/catholic-television.com\/es\/wp-json\/wp\/v2\/comments?post=1137"}],"version-history":[{"count":24,"href":"https:\/\/catholic-television.com\/es\/wp-json\/wp\/v2\/pages\/1137\/revisions"}],"predecessor-version":[{"id":16598,"href":"https:\/\/catholic-television.com\/es\/wp-json\/wp\/v2\/pages\/1137\/revisions\/16598"}],"wp:attachment":[{"href":"https:\/\/catholic-television.com\/es\/wp-json\/wp\/v2\/media?parent=1137"}],"curies":[{"name":"wp","href":"https:\/\/api.w.org\/{rel}","templated":true}]}}